{"id":7,"date":"2019-10-04T19:59:55","date_gmt":"2019-10-04T17:59:55","guid":{"rendered":"https:\/\/zeichenstation.bplaced.net\/Zeichenstation\/?page_id=7"},"modified":"2022-08-23T09:13:44","modified_gmt":"2022-08-23T07:13:44","slug":"main","status":"publish","type":"page","link":"https:\/\/zeichenstation.de\/","title":{"rendered":"Home"},"content":{"rendered":"\r\n<p class=\"has-text-align-center\">Ich zeichne mit Tenado-Protect.<\/p>\r\n\r\n\r\n\r\n<p class=\"has-text-align-center\">Meine Zeichenstation befindet sich in Neuenhagen bei Berlin.<\/p>\r\n\r\n\r\n\r\n<p class=\"has-text-align-center\">Mein Schwerpunkt in der Planerstellung liegt im vorbeugenden Brandschutz. Daher erstelle ich Ihnen in enger Zusammenarbeit Brandschutzpl\u00e4ne zu Ihren Brandschutznachweisen \/ -konzepten, Flucht- und Rettungspl\u00e4ne gem. DIN ISO 23601, Feuerwehrpl\u00e4ne gem. DIN 14095 und eine Brandschutzordnung gem. DIN 14096 (Teil A-B-C). Zudem berechne ich Ihnen Ihren L\u00f6schmittelbedarf und positioniere Ihre L\u00f6schmittel nach den Richtlinien der ASR A2.2 und nach TRVB F 124 oder bereinige Ihre Planunterlagen f\u00fcr die weitere Bearbeitung der Brandschutzpl\u00e4ne nach Ihren Bed\u00fcrfnissen \/ Vorstellungen.<\/p>\r\n\r\n\r\n\r\n<p class=\"has-text-align-center\">Ich arbeite freiberuflich auf Honorarbasis und kann DWG- und PDF-Dateien einlesen.<\/p>\r\n\r\n\r\n\r\n<p class=\"has-text-align-center\">Wenn ich Ihr Interesse geweckt habe und Sie Hilfe ben\u00f6tigen bei der Umsetzung Ihrer Projekte, w\u00fcrde ich mich \u00fcber eine Anfrage \u00fcber das Kontaktformular sehr freuen. Meine B\u00fcrozeiten sind Montag bis Freitag von 09:00 \u2013 15:00 Uhr.<\/p>\r\n\r\n\r\n\r\n<p><a href=\"https:\/\/zeichenstation.bplaced.net\/Zeichenstation\/?page_id=104\">Kontakt<\/a><\/p>\r\n","protected":false},"excerpt":{"rendered":"<p>Ich zeichne mit Tenado-Protect. Meine Zeichenstation befindet sich in Neuenhagen bei Berlin. Mein Schwerpunkt in der Planerstellung liegt im vorbeugenden Brandschutz. Daher erstelle ich Ihnen in enger Zusammenarbeit Brandschutzpl\u00e4ne zu Ihren Brandschutznachweisen \/ -konzepten, Flucht- und Rettungspl\u00e4ne gem. DIN ISO 23601, Feuerwehrpl\u00e4ne gem. DIN 14095 und eine Brandschutzordnung gem. DIN 14096 (Teil A-B-C). Zudem berechne [&hellip;]<\/p>\n","protected":false},"author":1,"featured_media":0,"parent":0,"menu_order":0,"comment_status":"closed","ping_status":"closed","template":"","meta":{"footnotes":""},"class_list":["post-7","page","type-page","status-publish","hentry","entry"],"_links":{"self":[{"href":"https:\/\/zeichenstation.de\/index.php?rest_route=\/wp\/v2\/pages\/7","targetHints":{"allow":["GET"]}}],"collection":[{"href":"https:\/\/zeichenstation.de\/index.php?rest_route=\/wp\/v2\/pages"}],"about":[{"href":"https:\/\/zeichenstation.de\/index.php?rest_route=\/wp\/v2\/types\/page"}],"author":[{"embeddable":true,"href":"https:\/\/zeichenstation.de\/index.php?rest_route=\/wp\/v2\/users\/1"}],"replies":[{"embeddable":true,"href":"https:\/\/zeichenstation.de\/index.php?rest_route=%2Fwp%2Fv2%2Fcomments&post=7"}],"version-history":[{"count":15,"href":"https:\/\/zeichenstation.de\/index.php?rest_route=\/wp\/v2\/pages\/7\/revisions"}],"predecessor-version":[{"id":209,"href":"https:\/\/zeichenstation.de\/index.php?rest_route=\/wp\/v2\/pages\/7\/revisions\/209"}],"wp:attachment":[{"href":"https:\/\/zeichenstation.de\/index.php?rest_route=%2Fwp%2Fv2%2Fmedia&parent=7"}],"curies":[{"name":"wp","href":"https:\/\/api.w.org\/{rel}","templated":true}]}}