{"id":174,"date":"2020-01-12T22:33:05","date_gmt":"2020-01-12T21:33:05","guid":{"rendered":"https:\/\/zeichenstation.bplaced.net\/Zeichenstation\/?page_id=174"},"modified":"2020-01-12T22:33:58","modified_gmt":"2020-01-12T21:33:58","slug":"agbs-zeichenstation-doreen-schenk","status":"publish","type":"page","link":"https:\/\/zeichenstation.de\/?page_id=174","title":{"rendered":"AGB"},"content":{"rendered":"\n<p><strong>AGB<\/strong><\/p>\n\n\n\n<p>Allgemeine\nGesch\u00e4ftsbedingungen von Doreen Schenk, Zeichenstation, Architektur und\nFachplaner im vorbeugenden Brandschutz &#8211; selbst\u00e4ndiger Bauzeichner auf\nHonorarbasis (AGB)<br>\nStand: Januar.2020<\/p>\n\n\n\n<p>\u00a7 1 T\u00e4tigkeit<br>\n(1) Das oben angef\u00fchrte B\u00fcro wird die Aufgaben eines Bauzeichners Brandschutz\nmit folgenden T\u00e4tigkeiten \u00fcbernehmen:<br>\nErstellung von Feuerwehrpl\u00e4nen, Flucht- und Rettungspl\u00e4ne einschlie\u00dflich\nZimmerpl\u00e4ne, Visualisierung von Brandschutznachweis \/ -konzepte, Digitalisierung\nvon Bestandsunterlagen in 2D und L\u00f6schmittelberechnung und Verteilung der\nL\u00f6schmittel.<br>\nErg\u00e4nzend wird im Einzelfall auf jeweilige Auftragsschreiben verwiesen. <\/p>\n\n\n\n<p>\u00a7 2\nWeisungsfreiheit<br>\n(1) Der Auftragnehmer unterliegt bei der Durchf\u00fchrung der \u00fcbertragenen\nT\u00e4tigkeiten keinen Weisungen des Auftraggebers. Er ist in der Gestaltung seiner\nT\u00e4tigkeit (Zeit, Dauer, Art und Ort der Arbeitsaus\u00fcbung) selbst\u00e4ndig t\u00e4tig und\nvollkommen frei.<br>\n(2) Der Auftragnehmer ist an keinerlei Vorgaben zum Arbeitsort oder zur\nArbeitszeit gebunden. Projektbezogene Zeitvorgaben des Auftraggebers bleiben\nhiervon unber\u00fccksichtigt.<br>\n(3) Der Auftragnehmer ist ferner berechtigt, Auftr\u00e4ge des Auftraggebers ohne\nAngabe von Gr\u00fcnden abzulehnen. <\/p>\n\n\n\n<p>\u00a7 3\nLeistungserbringung<br>\n(1) Der Auftragnehmer \u00fcbt seine T\u00e4tigkeit in seinen eigenen R\u00e4umlichkeiten aus.\nSoweit in Einzelf\u00e4llen eine betriebliche Anwesenheit erforderlich wird, stellt\nder Auftraggeber nach jeweiliger vorheriger Absprache die entsprechenden\nEinrichtungen zur Verf\u00fcgung. <\/p>\n\n\n\n<p>\u00a7 4 Unterrichtungspflicht<br>\n(1) Beide Vertragsparteien verpflichten sich zur gegenseitigen Kenntnisgabe,\nsofern sich bei der Vertragsdurchf\u00fchrung Abwicklungsschwierigkeiten oder aber\nvorhersehbare Zeitverz\u00f6gerungen ergeben sollten.<br>\n(2) \u00c4nderungen oder Korrekturen an den erstellten Unterlagen des Auftragnehmers\nsind dem Auftragnehmer binnen 14 Tagen nach \u00dcbergabe zu melden. <\/p>\n\n\n\n<p>\u00a7 5 Konkurrenz<br>\n(1) Der Auftragnehmer darf auch f\u00fcr andere Auftraggeber oder einen Arbeitgeber\nt\u00e4tig sein. <\/p>\n\n\n\n<p>\u00a7 6\nVerschwiegenheit<br>\n(1) Der Auftragnehmer verpflichtet sich, \u00fcber die ihm im Rahmen seiner\nT\u00e4tigkeit bekannt gewordenen betriebliche Interna, insbesondere\nGesch\u00e4ftsgeheimnisse, auch nach dem Ende der Gesch\u00e4ftsbeziehung Stillschweigen\nzu bewahren. <\/p>\n\n\n\n<p>\u00a7 7 Honorar<br>\n(1) Es wird pro Bauvorhaben ein Pauschalpreis bzw. Einheitspreis zuz\u00fcglich der\njeweiligen gesetzlichen Mehrwertsteuer vereinbart. Nach Erbringung der Leistung\nwird eine Abrechnung in Form einer Rechnung erstellt.<br>\n(2) Der Auftragnehmer ist berechtigt, zus\u00e4tzlich geleistete Stunden, verursacht\ndurch \u00c4nderungen oder Entwurfs\u00e4nderungen, bekannt zu geben und ebenfalls in\nRechnung zu stellen.<br>\n(3) Bei allgemeiner Zeichenarbeit ist der Auftragnehmer berechtigt, nach\nMonatsende eine Abrechnung in Form einer Rechnung zu stellen. <\/p>\n\n\n\n<p>\u00a7 8 F\u00e4lligkeit<br>\n(1) Das unter \u00a7 7 vereinbarte Honorar wird jeweils unmittelbar nach Erbringung\nder vereinbarten Leistung f\u00e4llig. <\/p>\n\n\n\n<p>\u00a7 9\nErf\u00fcllungsort und Gerichtsstand<br>\n(1) Erf\u00fcllungsort ist Neuenhagen b. Berlin und Gerichtsstand ist Strausberg<\/p>\n\n\n\n<p>\u00a7 10 Keine\nUmgehung arbeitsrechtlicher Schutzvorschriften bei Freier Mitarbeit<br>\n(1) Von der M\u00f6glichkeit des Abschlusses eines Anstellungsvertrages ist in\nAnwendung des Grundsatzes der Vertragsfreiheit bewusst kein Gebrauch gemacht\nworden. Eine Umgehung arbeitsrechtlicher oder arbeitsgesetzlicher\nSchutzvorschriften ist nicht beabsichtigt. Durch die Freie Mitarbeit soll\nvielmehr die volle Entscheidungsfreiheit bei der Verwertung seiner Arbeitskraft\nbeim Auftragnehmer belassen werden.<br>\n(2) Eine \u00fcber den Umfang dieser Vereinbarung hinausgehende pers\u00f6nliche,\nwirtschaftliche oder soziale Abh\u00e4ngigkeit wird nicht begr\u00fcndet. <\/p>\n\n\n\n<p>\u00a7 11\nZahlungsbedingungen<br>\n(1) Nach Zusendung der ersten Entw\u00fcrfe wird die erste Abschlagzahlung f\u00e4llig,\ndie Abschlagzahlung ist fristgem\u00e4\u00df (wie auf der Rechnung aufgef\u00fchrt) zu\nbegleichen.<br>\n(2) Die Abschlussrechnung wird nach Zusendung der letzten Einarbeitungen\nf\u00e4llig, die Abschlussrechnung ist fristgem\u00e4\u00df (wie auf der Rechnung aufgef\u00fchrt)\nzu begleichen.<br>\n(3) Bei allgemeinen Zeichenarbeiten ist fristgem\u00e4\u00df (wie auf der Rechnung\naufgef\u00fchrt) der volle Rechnungsbetrag zu \u00fcberweisen. <\/p>\n\n\n\n<p>\u00a7 12\nNebenabreden<br>\n(1) Nebenabreden und \u00c4nderungen des Vertrags bed\u00fcrfen zu ihrer Wirksamkeit der\nSchriftform. Dieses Formerfordernis kann weder m\u00fcndlich noch stillschweigend\naufgehoben oder au\u00dfer Kraft gesetzt werden.<br>\n(2) Die teilweise oder vollst\u00e4ndige Unwirksamkeit einzelner\nVertragsbestimmungen ber\u00fchrt die Wirksamkeit der \u00fcbrigen Bestimmungen nicht. <\/p>\n\n\n\n<p>\u00a7 13\nHaftungsausschluss<br>\n(1) Der Auftragnehmer \u00fcbernimmt keinerlei Haftung gegen\u00fcber dem Auftraggeber.<br>\n(2) Der Auftraggeber ist verpflichtet, alle Arbeiten des Auftragsnehmers auf\nRichtigkeit und Vollst\u00e4ndigkeit zu pr\u00fcfen. <\/p>\n","protected":false},"excerpt":{"rendered":"<p>AGB Allgemeine Gesch\u00e4ftsbedingungen von Doreen Schenk, Zeichenstation, Architektur und Fachplaner im vorbeugenden Brandschutz &#8211; selbst\u00e4ndiger Bauzeichner auf Honorarbasis (AGB) Stand: Januar.2020 \u00a7 1 T\u00e4tigkeit (1) Das oben angef\u00fchrte B\u00fcro wird die Aufgaben eines Bauzeichners Brandschutz mit folgenden T\u00e4tigkeiten \u00fcbernehmen: Erstellung von Feuerwehrpl\u00e4nen, Flucht- und Rettungspl\u00e4ne einschlie\u00dflich Zimmerpl\u00e4ne, Visualisierung von Brandschutznachweis \/ -konzepte, Digitalisierung von Bestandsunterlagen [&hellip;]<\/p>\n","protected":false},"author":1,"featured_media":0,"parent":0,"menu_order":0,"comment_status":"closed","ping_status":"closed","template":"","meta":{"footnotes":""},"class_list":["post-174","page","type-page","status-publish","hentry","entry"],"_links":{"self":[{"href":"https:\/\/zeichenstation.de\/index.php?rest_route=\/wp\/v2\/pages\/174","targetHints":{"allow":["GET"]}}],"collection":[{"href":"https:\/\/zeichenstation.de\/index.php?rest_route=\/wp\/v2\/pages"}],"about":[{"href":"https:\/\/zeichenstation.de\/index.php?rest_route=\/wp\/v2\/types\/page"}],"author":[{"embeddable":true,"href":"https:\/\/zeichenstation.de\/index.php?rest_route=\/wp\/v2\/users\/1"}],"replies":[{"embeddable":true,"href":"https:\/\/zeichenstation.de\/index.php?rest_route=%2Fwp%2Fv2%2Fcomments&post=174"}],"version-history":[{"count":2,"href":"https:\/\/zeichenstation.de\/index.php?rest_route=\/wp\/v2\/pages\/174\/revisions"}],"predecessor-version":[{"id":177,"href":"https:\/\/zeichenstation.de\/index.php?rest_route=\/wp\/v2\/pages\/174\/revisions\/177"}],"wp:attachment":[{"href":"https:\/\/zeichenstation.de\/index.php?rest_route=%2Fwp%2Fv2%2Fmedia&parent=174"}],"curies":[{"name":"wp","href":"https:\/\/api.w.org\/{rel}","templated":true}]}}