{"id":168,"date":"2020-01-12T22:29:59","date_gmt":"2020-01-12T21:29:59","guid":{"rendered":"https:\/\/zeichenstation.bplaced.net\/Zeichenstation\/?page_id=168"},"modified":"2020-01-12T22:29:59","modified_gmt":"2020-01-12T21:29:59","slug":"bestandsaufnahme-fuer-brandschutzplaene-flucht-und-rettungsplaene-feuerwehrplaene","status":"publish","type":"page","link":"https:\/\/zeichenstation.de\/?page_id=168","title":{"rendered":"Bestandsaufnahme f\u00fcr Brandschutzpl\u00e4ne, Flucht- und Rettungspl\u00e4ne, Feuerwehrpl\u00e4ne"},"content":{"rendered":"\n<p class=\"has-text-align-center\"><strong>Bestandsaufnahme\nf\u00fcr Brandschutzpl\u00e4ne, Flucht- und Rettungspl\u00e4ne, Feuerwehrpl\u00e4ne<\/strong><\/p>\n\n\n\n<p class=\"has-text-align-center\">Brandschutzaufnahmen\nerfolgen in bestehenden Geb\u00e4uden und werden auf die jeweiligen Bed\u00fcrfnisse\nausgef\u00fchrt. Daraus werden die exakten Planunterlagen bzw. Berechnungen f\u00fcr die\njeweiligen folgenden Ma\u00dfnahmen erf\u00fcllt.<\/p>\n","protected":false},"excerpt":{"rendered":"<p>Bestandsaufnahme f\u00fcr Brandschutzpl\u00e4ne, Flucht- und Rettungspl\u00e4ne, Feuerwehrpl\u00e4ne Brandschutzaufnahmen erfolgen in bestehenden Geb\u00e4uden und werden auf die jeweiligen Bed\u00fcrfnisse ausgef\u00fchrt. Daraus werden die exakten Planunterlagen bzw. Berechnungen f\u00fcr die jeweiligen folgenden Ma\u00dfnahmen erf\u00fcllt.<\/p>\n","protected":false},"author":1,"featured_media":0,"parent":0,"menu_order":0,"comment_status":"closed","ping_status":"closed","template":"","meta":{"footnotes":""},"class_list":["post-168","page","type-page","status-publish","hentry","entry"],"_links":{"self":[{"href":"https:\/\/zeichenstation.de\/index.php?rest_route=\/wp\/v2\/pages\/168","targetHints":{"allow":["GET"]}}],"collection":[{"href":"https:\/\/zeichenstation.de\/index.php?rest_route=\/wp\/v2\/pages"}],"about":[{"href":"https:\/\/zeichenstation.de\/index.php?rest_route=\/wp\/v2\/types\/page"}],"author":[{"embeddable":true,"href":"https:\/\/zeichenstation.de\/index.php?rest_route=\/wp\/v2\/users\/1"}],"replies":[{"embeddable":true,"href":"https:\/\/zeichenstation.de\/index.php?rest_route=%2Fwp%2Fv2%2Fcomments&post=168"}],"version-history":[{"count":1,"href":"https:\/\/zeichenstation.de\/index.php?rest_route=\/wp\/v2\/pages\/168\/revisions"}],"predecessor-version":[{"id":169,"href":"https:\/\/zeichenstation.de\/index.php?rest_route=\/wp\/v2\/pages\/168\/revisions\/169"}],"wp:attachment":[{"href":"https:\/\/zeichenstation.de\/index.php?rest_route=%2Fwp%2Fv2%2Fmedia&parent=168"}],"curies":[{"name":"wp","href":"https:\/\/api.w.org\/{rel}","templated":true}]}}