{"id":165,"date":"2020-01-12T22:28:36","date_gmt":"2020-01-12T21:28:36","guid":{"rendered":"https:\/\/zeichenstation.bplaced.net\/Zeichenstation\/?page_id=165"},"modified":"2020-01-12T22:28:36","modified_gmt":"2020-01-12T21:28:36","slug":"digitalisierung-bzw-planbereinigung-fuer-brandschutzplaene","status":"publish","type":"page","link":"https:\/\/zeichenstation.de\/?page_id=165","title":{"rendered":"Digitalisierung bzw. Planbereinigung f\u00fcr Brandschutzpl\u00e4ne"},"content":{"rendered":"\n<p class=\"has-text-align-center\"><strong>Digitalisierung\nbzw. Planbereinigung f\u00fcr Brandschutzpl\u00e4ne<\/strong><\/p>\n\n\n\n<p class=\"has-text-align-center\">Ihnen liegen\nnur Papierpl\u00e4ne oder bereits gescannte Planunterlagen im Bildformat (z.B. tiff,\njpg, pdf) vor. <\/p>\n\n\n\n<p class=\"has-text-align-center\">Damit eine\naktuelle Plangrundlage vorliegt ist es Sinnvoll diese Planunterlagen zun\u00e4chst\nzu digitalisieren. Ich digitalisiere Ihre Planunterlagen im CAD (Nemetschek\nAllplan). Diese digitalisierten Planunterlagen erhalten Sie in einem g\u00e4ngigen\nDateiformat zur weiteren Weiterbearbeitung f\u00fcr zum Beispiel Flucht- und\nRettungspl\u00e4ne bzw. Feuerwehrpl\u00e4ne.<\/p>\n","protected":false},"excerpt":{"rendered":"<p>Digitalisierung bzw. Planbereinigung f\u00fcr Brandschutzpl\u00e4ne Ihnen liegen nur Papierpl\u00e4ne oder bereits gescannte Planunterlagen im Bildformat (z.B. tiff, jpg, pdf) vor. Damit eine aktuelle Plangrundlage vorliegt ist es Sinnvoll diese Planunterlagen zun\u00e4chst zu digitalisieren. Ich digitalisiere Ihre Planunterlagen im CAD (Nemetschek Allplan). Diese digitalisierten Planunterlagen erhalten Sie in einem g\u00e4ngigen Dateiformat zur weiteren Weiterbearbeitung f\u00fcr zum [&hellip;]<\/p>\n","protected":false},"author":1,"featured_media":0,"parent":0,"menu_order":0,"comment_status":"closed","ping_status":"closed","template":"","meta":{"footnotes":""},"class_list":["post-165","page","type-page","status-publish","hentry","entry"],"_links":{"self":[{"href":"https:\/\/zeichenstation.de\/index.php?rest_route=\/wp\/v2\/pages\/165","targetHints":{"allow":["GET"]}}],"collection":[{"href":"https:\/\/zeichenstation.de\/index.php?rest_route=\/wp\/v2\/pages"}],"about":[{"href":"https:\/\/zeichenstation.de\/index.php?rest_route=\/wp\/v2\/types\/page"}],"author":[{"embeddable":true,"href":"https:\/\/zeichenstation.de\/index.php?rest_route=\/wp\/v2\/users\/1"}],"replies":[{"embeddable":true,"href":"https:\/\/zeichenstation.de\/index.php?rest_route=%2Fwp%2Fv2%2Fcomments&post=165"}],"version-history":[{"count":1,"href":"https:\/\/zeichenstation.de\/index.php?rest_route=\/wp\/v2\/pages\/165\/revisions"}],"predecessor-version":[{"id":166,"href":"https:\/\/zeichenstation.de\/index.php?rest_route=\/wp\/v2\/pages\/165\/revisions\/166"}],"wp:attachment":[{"href":"https:\/\/zeichenstation.de\/index.php?rest_route=%2Fwp%2Fv2%2Fmedia&parent=165"}],"curies":[{"name":"wp","href":"https:\/\/api.w.org\/{rel}","templated":true}]}}