{"id":118,"date":"2019-11-09T17:59:07","date_gmt":"2019-11-09T16:59:07","guid":{"rendered":"https:\/\/zeichenstation.bplaced.net\/Zeichenstation\/?page_id=118"},"modified":"2020-01-12T22:26:23","modified_gmt":"2020-01-12T21:26:23","slug":"brandschutzordnung-nach-din-14096-teil-a-b-c","status":"publish","type":"page","link":"https:\/\/zeichenstation.de\/?page_id=118","title":{"rendered":"Brandschutzordnung gem. DIN 14096 (Teil A-B-C)"},"content":{"rendered":"\n<p class=\"has-text-align-center\"><strong>Brandschutzordnung\ngem. DIN 14096 (Teil A-B-C)<\/strong><\/p>\n\n\n\n<p class=\"has-text-align-center\">Die Brandschutzordnung nach DIN\n14096 enth\u00e4lt Regelungen zum Verhalten und Verh\u00fctung von Br\u00e4nden innerhalb\neines Geb\u00e4udes bzw. Betriebes. Diese sind an die vorhandenen Gegebenheiten und die\nvorhandenen Brandgefahren angepasst.<\/p>\n\n\n\n<p class=\"has-text-align-center\">Eine Brandschutzordnung besteht aus\n3 Teilen. Diese beziehen sich auf verschiedene Personengruppen im Geb\u00e4ude.<\/p>\n\n\n\n<figure class=\"wp-block-table\"><table class=\"\"><tbody><tr><td>\n  <strong>Teil der\n  Brandschutzordnung<\/strong>\n  <\/td><td>\n  <strong>Zielgruppe<\/strong>\n  <\/td><td>\n  <strong>Inhalt<\/strong>\n  <\/td><\/tr><tr><td>\n  <strong>A<\/strong>\n  <\/td><td>\n  Alle Mitarbeiter und Besucher\n  <\/td><td>\n  Aushang: Verhalten im Brandfall\n  <\/td><\/tr><tr><td>\n  <strong>B<\/strong>\n  <\/td><td>\n  Alle Mitarbeiter\n  <\/td><td>\n  Ma\u00dfnahmen zur Verh\u00fctung von\n  Br\u00e4nden\n  <\/td><\/tr><tr><td>\n  <strong>C<\/strong>\n  <\/td><td>\n  Mitarbeiter mit besonderen\n  Brandschutzaufgaben\n  <\/td><td>\n  Struktur der Brandschutzorganisation;\n  Handlungsanweisungen z.B. f\u00fcr Sicherheits- und Brandschutzbeauftragte,\n  Brandschutzhelfer\n  <\/td><\/tr><\/tbody><\/table><\/figure>\n\n\n\n<p class=\"has-text-align-center\">Tabelle: Gliederungsschema einer Brandschutzordnung nach DIN 14096 (Quelle:\nFeuerTRUTZ)<\/p>\n\n\n\n<p class=\"has-text-align-center\">Eine Pr\u00fcfung durch einen Fachkundigen\nist alle 2 Jahre vorzunehmen.<\/p>\n\n\n\n<p class=\"has-text-align-center\">Dieser Aushang ist von den ebenfalls\nauszuh\u00e4ngenden Flucht- und Rettungspl\u00e4nen nach ISO 23601 zu unterscheiden.<\/p>\n","protected":false},"excerpt":{"rendered":"<p>Brandschutzordnung gem. DIN 14096 (Teil A-B-C) Die Brandschutzordnung nach DIN 14096 enth\u00e4lt Regelungen zum Verhalten und Verh\u00fctung von Br\u00e4nden innerhalb eines Geb\u00e4udes bzw. Betriebes. Diese sind an die vorhandenen Gegebenheiten und die vorhandenen Brandgefahren angepasst. Eine Brandschutzordnung besteht aus 3 Teilen. Diese beziehen sich auf verschiedene Personengruppen im Geb\u00e4ude. Teil der Brandschutzordnung Zielgruppe Inhalt A [&hellip;]<\/p>\n","protected":false},"author":1,"featured_media":0,"parent":0,"menu_order":0,"comment_status":"closed","ping_status":"closed","template":"","meta":{"footnotes":""},"class_list":["post-118","page","type-page","status-publish","hentry","entry"],"_links":{"self":[{"href":"https:\/\/zeichenstation.de\/index.php?rest_route=\/wp\/v2\/pages\/118","targetHints":{"allow":["GET"]}}],"collection":[{"href":"https:\/\/zeichenstation.de\/index.php?rest_route=\/wp\/v2\/pages"}],"about":[{"href":"https:\/\/zeichenstation.de\/index.php?rest_route=\/wp\/v2\/types\/page"}],"author":[{"embeddable":true,"href":"https:\/\/zeichenstation.de\/index.php?rest_route=\/wp\/v2\/users\/1"}],"replies":[{"embeddable":true,"href":"https:\/\/zeichenstation.de\/index.php?rest_route=%2Fwp%2Fv2%2Fcomments&post=118"}],"version-history":[{"count":3,"href":"https:\/\/zeichenstation.de\/index.php?rest_route=\/wp\/v2\/pages\/118\/revisions"}],"predecessor-version":[{"id":162,"href":"https:\/\/zeichenstation.de\/index.php?rest_route=\/wp\/v2\/pages\/118\/revisions\/162"}],"wp:attachment":[{"href":"https:\/\/zeichenstation.de\/index.php?rest_route=%2Fwp%2Fv2%2Fmedia&parent=118"}],"curies":[{"name":"wp","href":"https:\/\/api.w.org\/{rel}","templated":true}]}}