{"id":114,"date":"2019-11-09T17:58:00","date_gmt":"2019-11-09T16:58:00","guid":{"rendered":"https:\/\/zeichenstation.bplaced.net\/Zeichenstation\/?page_id=114"},"modified":"2020-01-12T22:46:25","modified_gmt":"2020-01-12T21:46:25","slug":"flucht-und-rettungsplan-gem-din-iso-23601","status":"publish","type":"page","link":"https:\/\/zeichenstation.de\/?page_id=114","title":{"rendered":"Flucht- und Rettungspl\u00e4ne gem. DIN ISO 23601"},"content":{"rendered":"\n<p class=\"has-text-align-center\">Flucht- und\nRettungspl\u00e4ne (DIN ISO 23601) nach der Arbeitsst\u00e4ttenverordnung (ArbSt\u00e4ttV) und\nder Arbeitsst\u00e4ttenrichtlinie (ASR A2.3) werden in \u00f6ffentlichen und gewerblichen\nGeb\u00e4uden gefordert. <\/p>\n\n\n\n<p class=\"has-text-align-center\">Als\nSonderbauten gelten: <\/p>\n\n\n\n<div class=\"wp-block-group\"><div class=\"wp-block-group__inner-container is-layout-flow wp-block-group-is-layout-flow\">\n<ul class=\"wp-block-list\"><li>Krankenh\u00e4user<\/li><li>Altenheime<\/li><li>Schulen<\/li><li>B\u00fcro- und Versammlungsst\u00e4tten<\/li><li>Hotels<\/li><li>Industriebauten.<\/li><\/ul>\n<\/div><\/div>\n\n\n\n<p class=\"has-text-align-center\">F\u00fcr Hotel- und\nKlassenzimmer werden Zimmerpl\u00e4ne gefordert. In diesen Anwendungsf\u00e4llen wird das\nFormat DIN A4 verwendet.<\/p>\n","protected":false},"excerpt":{"rendered":"<p>Flucht- und Rettungspl\u00e4ne (DIN ISO 23601) nach der Arbeitsst\u00e4ttenverordnung (ArbSt\u00e4ttV) und der Arbeitsst\u00e4ttenrichtlinie (ASR A2.3) werden in \u00f6ffentlichen und gewerblichen Geb\u00e4uden gefordert. Als Sonderbauten gelten: Krankenh\u00e4user Altenheime Schulen B\u00fcro- und Versammlungsst\u00e4tten Hotels Industriebauten. F\u00fcr Hotel- und Klassenzimmer werden Zimmerpl\u00e4ne gefordert. In diesen Anwendungsf\u00e4llen wird das Format DIN A4 verwendet.<\/p>\n","protected":false},"author":1,"featured_media":0,"parent":0,"menu_order":0,"comment_status":"closed","ping_status":"closed","template":"","meta":{"footnotes":""},"class_list":["post-114","page","type-page","status-publish","hentry","entry"],"_links":{"self":[{"href":"https:\/\/zeichenstation.de\/index.php?rest_route=\/wp\/v2\/pages\/114","targetHints":{"allow":["GET"]}}],"collection":[{"href":"https:\/\/zeichenstation.de\/index.php?rest_route=\/wp\/v2\/pages"}],"about":[{"href":"https:\/\/zeichenstation.de\/index.php?rest_route=\/wp\/v2\/types\/page"}],"author":[{"embeddable":true,"href":"https:\/\/zeichenstation.de\/index.php?rest_route=\/wp\/v2\/users\/1"}],"replies":[{"embeddable":true,"href":"https:\/\/zeichenstation.de\/index.php?rest_route=%2Fwp%2Fv2%2Fcomments&post=114"}],"version-history":[{"count":3,"href":"https:\/\/zeichenstation.de\/index.php?rest_route=\/wp\/v2\/pages\/114\/revisions"}],"predecessor-version":[{"id":179,"href":"https:\/\/zeichenstation.de\/index.php?rest_route=\/wp\/v2\/pages\/114\/revisions\/179"}],"wp:attachment":[{"href":"https:\/\/zeichenstation.de\/index.php?rest_route=%2Fwp%2Fv2%2Fmedia&parent=114"}],"curies":[{"name":"wp","href":"https:\/\/api.w.org\/{rel}","templated":true}]}}