{"id":112,"date":"2019-11-09T17:56:16","date_gmt":"2019-11-09T16:56:16","guid":{"rendered":"https:\/\/zeichenstation.bplaced.net\/Zeichenstation\/?page_id=112"},"modified":"2020-01-12T22:18:59","modified_gmt":"2020-01-12T21:18:59","slug":"erstellung-des-brandschutzplan","status":"publish","type":"page","link":"https:\/\/zeichenstation.de\/?page_id=112","title":{"rendered":"Erstellung von Brandschutzpl\u00e4nen"},"content":{"rendered":"\n<p class=\"has-text-align-center\"><strong>Erstellung von\nBrandschutzpl\u00e4nen<\/strong><\/p>\n\n\n\n<p class=\"has-text-align-center\">Der Begriff\n\u201eBrandschutzplan\u201c ist in Deutschland nicht genormt. Brandschutzpl\u00e4ne dienen zur\nVisualisierung des Brandschutzkonzeptes \/ -nachweises. Die Pl\u00e4ne bestehen aus\ndem \u00dcbersichts- und den Grundrisspl\u00e4nen. Es k\u00f6nnen Schnitte erstellt werden.\nDie Pl\u00e4ne erhalten die brandschutztechnischen Anforderungen und werden farblich\ndargestellt. <\/p>\n\n\n\n<p class=\"has-text-align-center\">F\u00fcr die\nGeb\u00e4udeklassen 4 und 5 sowie die Sonderbauten sind Brandschutzvisualisierungs-pl\u00e4ne\nzur Genehmigung verbindlich.<\/p>\n","protected":false},"excerpt":{"rendered":"<p>Erstellung von Brandschutzpl\u00e4nen Der Begriff \u201eBrandschutzplan\u201c ist in Deutschland nicht genormt. Brandschutzpl\u00e4ne dienen zur Visualisierung des Brandschutzkonzeptes \/ -nachweises. Die Pl\u00e4ne bestehen aus dem \u00dcbersichts- und den Grundrisspl\u00e4nen. Es k\u00f6nnen Schnitte erstellt werden. Die Pl\u00e4ne erhalten die brandschutztechnischen Anforderungen und werden farblich dargestellt. F\u00fcr die Geb\u00e4udeklassen 4 und 5 sowie die Sonderbauten sind Brandschutzvisualisierungs-pl\u00e4ne zur [&hellip;]<\/p>\n","protected":false},"author":1,"featured_media":0,"parent":0,"menu_order":0,"comment_status":"closed","ping_status":"closed","template":"","meta":{"footnotes":""},"class_list":["post-112","page","type-page","status-publish","hentry","entry"],"_links":{"self":[{"href":"https:\/\/zeichenstation.de\/index.php?rest_route=\/wp\/v2\/pages\/112","targetHints":{"allow":["GET"]}}],"collection":[{"href":"https:\/\/zeichenstation.de\/index.php?rest_route=\/wp\/v2\/pages"}],"about":[{"href":"https:\/\/zeichenstation.de\/index.php?rest_route=\/wp\/v2\/types\/page"}],"author":[{"embeddable":true,"href":"https:\/\/zeichenstation.de\/index.php?rest_route=\/wp\/v2\/users\/1"}],"replies":[{"embeddable":true,"href":"https:\/\/zeichenstation.de\/index.php?rest_route=%2Fwp%2Fv2%2Fcomments&post=112"}],"version-history":[{"count":4,"href":"https:\/\/zeichenstation.de\/index.php?rest_route=\/wp\/v2\/pages\/112\/revisions"}],"predecessor-version":[{"id":159,"href":"https:\/\/zeichenstation.de\/index.php?rest_route=\/wp\/v2\/pages\/112\/revisions\/159"}],"wp:attachment":[{"href":"https:\/\/zeichenstation.de\/index.php?rest_route=%2Fwp%2Fv2%2Fmedia&parent=112"}],"curies":[{"name":"wp","href":"https:\/\/api.w.org\/{rel}","templated":true}]}}