{"id":104,"date":"2019-11-08T09:24:39","date_gmt":"2019-11-08T08:24:39","guid":{"rendered":"https:\/\/zeichenstation.bplaced.net\/Zeichenstation\/?page_id=104"},"modified":"2019-11-08T11:03:39","modified_gmt":"2019-11-08T10:03:39","slug":"kontakt","status":"publish","type":"page","link":"https:\/\/zeichenstation.de\/?page_id=104","title":{"rendered":"Kontakt"},"content":{"rendered":"\n<div class=\"wpcf7 no-js\" id=\"wpcf7-f109-o1\" lang=\"de-DE\" dir=\"ltr\">\n<div class=\"screen-reader-response\"><p role=\"status\" aria-live=\"polite\" aria-atomic=\"true\"><\/p> <ul><\/ul><\/div>\n<form action=\"\/index.php?rest_route=%2Fwp%2Fv2%2Fpages%2F104#wpcf7-f109-o1\" method=\"post\" class=\"wpcf7-form init\" aria-label=\"Kontaktformular\" enctype=\"multipart\/form-data\" novalidate=\"novalidate\" data-status=\"init\">\n<div style=\"display: none;\">\n<input type=\"hidden\" name=\"_wpcf7\" value=\"109\" \/>\n<input type=\"hidden\" name=\"_wpcf7_version\" value=\"5.7.7\" \/>\n<input type=\"hidden\" name=\"_wpcf7_locale\" value=\"de_DE\" \/>\n<input type=\"hidden\" name=\"_wpcf7_unit_tag\" value=\"wpcf7-f109-o1\" \/>\n<input type=\"hidden\" name=\"_wpcf7_container_post\" value=\"0\" \/>\n<input type=\"hidden\" name=\"_wpcf7_posted_data_hash\" value=\"\" \/>\n<\/div>\n<p><label> Name (Pflichtfeld)<br \/>\n<span class=\"wpcf7-form-control-wrap\" data-name=\"your-name\"><input size=\"40\" class=\"wpcf7-form-control wpcf7-text wpcf7-validates-as-required\" aria-required=\"true\" aria-invalid=\"false\" value=\"\" type=\"text\" name=\"your-name\" \/><\/span> <\/label>\n<\/p>\n<p><label> E-Mail-Adresse (Pflichtfeld)<br \/>\n<span class=\"wpcf7-form-control-wrap\" data-name=\"your-email\"><input size=\"40\" class=\"wpcf7-form-control wpcf7-text wpcf7-email wpcf7-validates-as-required wpcf7-validates-as-email\" aria-required=\"true\" aria-invalid=\"false\" value=\"\" type=\"email\" name=\"your-email\" \/><\/span> <\/label>\n<\/p>\n<p><label>Betreff:(Mehrfachantwort m\u00f6glich)<\/label><br \/>\n<span class=\"wpcf7-form-control-wrap\" data-name=\"Betreff\"><span class=\"wpcf7-form-control wpcf7-checkbox wpcf7-validates-as-required\"><span class=\"wpcf7-list-item first\"><input type=\"checkbox\" name=\"Betreff[]\" value=\"Flucht- und Rettungspl\u00e4ne DIN ISO 23601\" \/><span class=\"wpcf7-list-item-label\">Flucht- und Rettungspl\u00e4ne DIN ISO 23601<\/span><\/span><span class=\"wpcf7-list-item\"><input type=\"checkbox\" name=\"Betreff[]\" value=\"Feuerwehrpl\u00e4ne DIN 14095\" \/><span class=\"wpcf7-list-item-label\">Feuerwehrpl\u00e4ne DIN 14095<\/span><\/span><span class=\"wpcf7-list-item\"><input type=\"checkbox\" name=\"Betreff[]\" value=\"Feuerwehrlaufkarten DIN 14675\" \/><span class=\"wpcf7-list-item-label\">Feuerwehrlaufkarten DIN 14675<\/span><\/span><span class=\"wpcf7-list-item\"><input type=\"checkbox\" name=\"Betreff[]\" value=\"Erstellung von Brandschutzpl\u00e4nen\" \/><span class=\"wpcf7-list-item-label\">Erstellung von Brandschutzpl\u00e4nen<\/span><\/span><span class=\"wpcf7-list-item\"><input type=\"checkbox\" name=\"Betreff[]\" value=\"Berechnung der L\u00f6schmitteleinheiten (LE) und Lage-Beispiel nach ASR A2.2 und nach TRVB F 124\" \/><span class=\"wpcf7-list-item-label\">Berechnung der L\u00f6schmitteleinheiten (LE) und Lage-Beispiel nach ASR A2.2 und nach TRVB F 124<\/span><\/span><span class=\"wpcf7-list-item\"><input type=\"checkbox\" name=\"Betreff[]\" value=\"Bestandsaufnahme f\u00fcr Brandschutzpl\u00e4ne, Flucht- und Rettungspl\u00e4ne, Feuerwehrpl\u00e4ne\" \/><span class=\"wpcf7-list-item-label\">Bestandsaufnahme f\u00fcr Brandschutzpl\u00e4ne, Flucht- und Rettungspl\u00e4ne, Feuerwehrpl\u00e4ne<\/span><\/span><span class=\"wpcf7-list-item\"><input type=\"checkbox\" name=\"Betreff[]\" value=\"Brandschutzordnung gem. DIN 14096 (Teil A-B-C)\" \/><span class=\"wpcf7-list-item-label\">Brandschutzordnung gem. DIN 14096 (Teil A-B-C)<\/span><\/span><span class=\"wpcf7-list-item\"><input type=\"checkbox\" name=\"Betreff[]\" value=\"Digitalisierung bzw. Planbereinigung f\u00fcr Brandschutzpl\u00e4ne\" \/><span class=\"wpcf7-list-item-label\">Digitalisierung bzw. Planbereinigung f\u00fcr Brandschutzpl\u00e4ne<\/span><\/span><span class=\"wpcf7-list-item\"><input type=\"checkbox\" name=\"Betreff[]\" value=\"Pr\u00fcfung von bestehenden Flucht- und Rettungspl\u00e4nen, Feuerwehrpl\u00e4nen und Brandschutzordnungen\" \/><span class=\"wpcf7-list-item-label\">Pr\u00fcfung von bestehenden Flucht- und Rettungspl\u00e4nen, Feuerwehrpl\u00e4nen und Brandschutzordnungen<\/span><\/span><span class=\"wpcf7-list-item last\"><input type=\"checkbox\" name=\"Betreff[]\" value=\"Sonstiges\" \/><span class=\"wpcf7-list-item-label\">Sonstiges<\/span><\/span><\/span><\/span>\n<\/p>\n<p><label> Nachricht<br \/>\n<span class=\"wpcf7-form-control-wrap\" data-name=\"your-message\"><textarea cols=\"40\" rows=\"10\" class=\"wpcf7-form-control wpcf7-textarea\" aria-invalid=\"false\" name=\"your-message\"><\/textarea><\/span> <\/label>\n<\/p>\n<p><label>Hier k\u00f6nnen sie ihre Datei hochladen ( bitte nur PDF oder DWG. Max 10MB)<br \/>\n<span class=\"wpcf7-form-control-wrap\" data-name=\"file-941\"><input size=\"40\" class=\"wpcf7-form-control wpcf7-file\" accept=\".pdf,.dwg\" aria-invalid=\"false\" type=\"file\" name=\"file-941\" \/><\/span> <\/label>\n<\/p>\n<p><input class=\"wpcf7-form-control has-spinner wpcf7-submit\" type=\"submit\" value=\"Senden\" \/>\n<\/p><div class=\"wpcf7-response-output\" aria-hidden=\"true\"><\/div>\n<\/form>\n<\/div>\n\n","protected":false},"excerpt":{"rendered":"","protected":false},"author":1,"featured_media":0,"parent":0,"menu_order":0,"comment_status":"closed","ping_status":"closed","template":"","meta":{"footnotes":""},"class_list":["post-104","page","type-page","status-publish","hentry","entry"],"_links":{"self":[{"href":"https:\/\/zeichenstation.de\/index.php?rest_route=\/wp\/v2\/pages\/104","targetHints":{"allow":["GET"]}}],"collection":[{"href":"https:\/\/zeichenstation.de\/index.php?rest_route=\/wp\/v2\/pages"}],"about":[{"href":"https:\/\/zeichenstation.de\/index.php?rest_route=\/wp\/v2\/types\/page"}],"author":[{"embeddable":true,"href":"https:\/\/zeichenstation.de\/index.php?rest_route=\/wp\/v2\/users\/1"}],"replies":[{"embeddable":true,"href":"https:\/\/zeichenstation.de\/index.php?rest_route=%2Fwp%2Fv2%2Fcomments&post=104"}],"version-history":[{"count":2,"href":"https:\/\/zeichenstation.de\/index.php?rest_route=\/wp\/v2\/pages\/104\/revisions"}],"predecessor-version":[{"id":110,"href":"https:\/\/zeichenstation.de\/index.php?rest_route=\/wp\/v2\/pages\/104\/revisions\/110"}],"wp:attachment":[{"href":"https:\/\/zeichenstation.de\/index.php?rest_route=%2Fwp%2Fv2%2Fmedia&parent=104"}],"curies":[{"name":"wp","href":"https:\/\/api.w.org\/{rel}","templated":true}]}}